{"id":92,"date":"2026-01-06T15:00:51","date_gmt":"2026-01-06T14:00:51","guid":{"rendered":"http:\/\/www.eausecours62.org\/site\/?page_id=92"},"modified":"2026-03-04T12:14:03","modified_gmt":"2026-03-04T11:14:03","slug":"adherer-et-agir-avec-eau-secours-62","status":"publish","type":"page","link":"https:\/\/www.eausecours62.org\/site\/adherer-et-agir-avec-eau-secours-62\/","title":{"rendered":"Adh\u00e9rer et agir avec eau &#8230; secours 62"},"content":{"rendered":"<p>Vous trouverez ci-dessous, en t\u00e9l\u00e9chargement, quelques documents ( statuts, charte, bulletin d&rsquo;adh\u00e9sion, etc.) pour adh\u00e9rer et agir avec eau &#8230; secours 62<\/p>\n<p>NB: Vous pouvez utiliser ce bulletin d\u00e8s janvier 2026 .<\/p>\n<p>Un bulletin r\u00e9nov\u00e9 est en pr\u00e9paration qui sera mis \u00e0 disposition en cours d&rsquo;ann\u00e9e..<\/p>\n<p><a href=\"https:\/\/www.eausecours62.org\/site\/adherer-et-agir-avec-eau-secours-62\/a5-bulletinadhesion-2026\/\" rel=\"attachment wp-att-2224\">A5-bulletinadhesion-2026<\/a><\/p>\n<p><strong>Pourquoi adh\u00e9rer ?<\/strong><\/p>\n<p>Notre boussole : \u00ab\u00a0L\u2019eau, bien commun, et premier bien vital pour l\u2019homme. \u00a0\u00bb<\/p>\n<p>Vous participez \u00e0 nos r\u00e9unions, \u00e0 nos initiatives publiques, ou bien vous y participez peu ou pas du tout vous avez oubli\u00e9 de cotiser l\u2019an dernier &#8230;, vous n\u2019avez jamais adh\u00e9r\u00e9 mais trouvez qu\u2019il faut faire quelque chose, vous connaissez des personnes int\u00e9ress\u00e9es ,<\/p>\n<p>Nous avons besoin de vous tou(te)s ! Votre soutien actif &#8211; plus ou moins selon vos possibilit\u00e9s &#8211; nous est bien s\u00fbr fort utile.<\/p>\n<p>Nous apprenons en allant ; les connaissances sont partag\u00e9es lors des r\u00e9unions, notre site apporte des informations. Nos actions sont d\u00e9cid\u00e9es et \u00e9labor\u00e9es entre tous.<\/p>\n<p>NOUS TOUCHONS AU FONCTIONNEMENT DE LA D\u00c9MOCRATIE LOCALE<\/p>\n<p>EN R\u00c9CLAMANT TRANSPARENCE ET PARTICIPATION<\/p>\n<p>NOUS contestons les d\u00e9l\u00e9gations de service aux multinationales telle VEOLIA ou SUEZ<\/p>\n<p>NOUS SOMMES DANS LE DROIT FIL DU VOTE DE SEPTEMBRE DU PARLEMENT EUROPEEN, SUITE A L\u2019ICE ( Initiative Citoyenne Europ\u00e9enne ) , parlement qui :<\/p>\n<p>\u00ab \u2026 invite les \u00e9tats membres \u00e0 repenser la gouvernance de la politique de l\u2019eau et \u00e0 la refonder sur la base d\u2019une participation active, c\u2019est \u00e0 dire sur la transparence et l\u2019ouverture du processus d\u00e9cisionnel aux citoyens \u00bb<\/p>\n<p>Votre soutien moral, par votre adh\u00e9sion active ou non, donne de l\u2019\u00e9lan \u00e0 celles et ceux d\u2019entre nous qui \u00e9tudient les contrats, les rapports, qui interpellent les \u00e9lus, rencontrent des responsables, participent aux Commissions Consultatives des Services Publics Locaux, \u00e0 l\u2019Observatoire de l\u2019eau, aux Commissions Locales de l\u2019Eau, ou qui mettent \u00e0 jour notre site tr\u00e8s fourni.<\/p>\n<p><strong>COTISATION<\/strong><\/p>\n<p>L\u2019adh\u00e9sion, ou le renouvellement de cotisation, pour 2026, reste modique : \u00e0 partir de 5 euros&#8230;. (Le bulletin est en pi\u00e8ce jointe) . Mais si vous le pouvez, prenez la cotisation de soutien de 20 euros ; le plus gros de nos d\u00e9penses correspond aux assurances, par \u00e9quipe. Notre bilan financier est disponible et fourni lors de\u00a0 l\u2019Assembl\u00e9e g\u00e9n\u00e9rale.<\/p>\n<p>Les adh\u00e9sions ou renouvellement de cotisation peuvent nous parvenir lors des r\u00e9unions, ou \u00eatre envoy\u00e9es \u00e0 notre si\u00e8ge social \u00e0 M\u00e9ricourt ( adresse sur le bulletin d\u2019adh\u00e9sion ). Pour l\u2019Arrageois, nous disposons d\u2019une boite aux lettres \u00e0 la Maison des Soci\u00e9t\u00e9s, \u00e0 proximit\u00e9 du cours de Verdun (mais la caisse est commune).<\/p>\n<p>Merci, au nom des \u00e9quipes ou des militants du Boulonnais, de Lens Li\u00e9vin, du Bruaysis, de l\u2019Arrageois, du secteur de Qui\u00e8ry la Motte, d\u2019ArtoisComm.<\/p>\n<p>Pour nous contacter au coll\u00e8ge d\u00e9partemental : college.solidaire@eausecours62.org<\/p>\n<h1><strong>Pour adh\u00e9rer<\/strong><\/h1>\n<ul>\n<li>\u00a0<a href=\"http:\/\/www.eausecours62.org\/site\/wp-content\/uploads\/2017\/11\/panneau-presentation.pdf\">La pr\u00e9sentation de eau &#8230; secours 62<\/a><\/li>\n<li><a href=\"http:\/\/www.eausecours62.org\/site\/wp-content\/uploads\/2017\/11\/charte_de_l_eau.pdf\">La charte de eau &#8230; secours 62<\/a><\/li>\n<li><a href=\"http:\/\/www.eausecours62.org\/site\/wp-content\/uploads\/2017\/11\/StatutsAssociationEauSecours62.pdf\">Les statuts de eau &#8230; secours 62<\/a><\/li>\n<li><a href=\"https:\/\/www.eausecours62.org\/site\/adherer-et-agir-avec-eau-secours-62\/a5-bulletinadhesion-20251-2\/\" rel=\"attachment wp-att-2058\">A5-bulletinadhesion-2025(1)<\/a><\/li>\n<\/ul>\n<p>&nbsp;<\/p>\n<h1><strong>Pour agir\u00a0<\/strong><\/h1>\n<ul>\n<li>Vous pouvez \u00e9crire \u00e0 vos \u00e9lus locaux pour demander l&rsquo;\u00e9tude du retour en gestion en r\u00e9gie publique lors des renouvellements de contrat<\/li>\n<\/ul>\n","protected":false},"excerpt":{"rendered":"<p>Vous trouverez ci-dessous, en t\u00e9l\u00e9chargement, quelques documents ( statuts, charte, bulletin d&rsquo;adh\u00e9sion, etc.) pour adh\u00e9rer et agir avec eau &#8230; secours 62 NB: Vous pouvez utiliser ce bulletin d\u00e8s janvier 2026 . Un bulletin r\u00e9nov\u00e9 est en pr\u00e9paration qui sera mis \u00e0 disposition en cours d&rsquo;ann\u00e9e.. A5-bulletinadhesion-2026 Pourquoi adh\u00e9rer ? Notre boussole : \u00ab\u00a0L\u2019eau, bien &hellip; <\/p>\n<p class=\"link-more\"><a href=\"https:\/\/www.eausecours62.org\/site\/adherer-et-agir-avec-eau-secours-62\/\" class=\"more-link\">Continuer la lecture<span class=\"screen-reader-text\"> de &laquo;&nbsp;Adh\u00e9rer et agir avec eau &#8230; secours 62&nbsp;&raquo;<\/span><\/a><\/p>\n","protected":false},"author":1,"featured_media":0,"parent":0,"menu_order":0,"comment_status":"closed","ping_status":"closed","template":"","meta":{"footnotes":""},"class_list":["post-92","page","type-page","status-publish","hentry"],"_links":{"self":[{"href":"https:\/\/www.eausecours62.org\/site\/wp-json\/wp\/v2\/pages\/92","targetHints":{"allow":["GET"]}}],"collection":[{"href":"https:\/\/www.eausecours62.org\/site\/wp-json\/wp\/v2\/pages"}],"about":[{"href":"https:\/\/www.eausecours62.org\/site\/wp-json\/wp\/v2\/types\/page"}],"author":[{"embeddable":true,"href":"https:\/\/www.eausecours62.org\/site\/wp-json\/wp\/v2\/users\/1"}],"replies":[{"embeddable":true,"href":"https:\/\/www.eausecours62.org\/site\/wp-json\/wp\/v2\/comments?post=92"}],"version-history":[{"count":47,"href":"https:\/\/www.eausecours62.org\/site\/wp-json\/wp\/v2\/pages\/92\/revisions"}],"predecessor-version":[{"id":2227,"href":"https:\/\/www.eausecours62.org\/site\/wp-json\/wp\/v2\/pages\/92\/revisions\/2227"}],"wp:attachment":[{"href":"https:\/\/www.eausecours62.org\/site\/wp-json\/wp\/v2\/media?parent=92"}],"curies":[{"name":"wp","href":"https:\/\/api.w.org\/{rel}","templated":true}]}}