{"id":356,"date":"2021-03-07T10:14:29","date_gmt":"2021-03-07T09:14:29","guid":{"rendered":"http:\/\/www.eausecours62.org\/site\/?page_id=356"},"modified":"2024-10-07T18:31:26","modified_gmt":"2024-10-07T16:31:26","slug":"actualite-a-suivre","status":"publish","type":"page","link":"https:\/\/www.eausecours62.org\/site\/actualite-a-suivre\/","title":{"rendered":"Actualit\u00e9s \u00e0 suivre"},"content":{"rendered":"<p>Vous trouverez dans cette rubrique\u00a0 les<a href=\"http:\/\/www.eausecours62.org\/site\/nos-reunions-a-venir\/\"> <strong>dates de nos prochaines r\u00e9unions<\/strong> <\/a>ainsi que des articles concernant les <strong>\u00ab\u00a0actualit\u00e9s de l&rsquo;eau\u00a0\u00bb<\/strong> dans le Pas-de-Calais, en France et dans le monde.<\/p>\n<p>Nous vous invitons \u00e0 visiter <span style=\"color: #0000ff;\">les \u00ab\u00a0sites amis \u00ab\u00a0<\/span> r\u00e9f\u00e9renc\u00e9s en page d&rsquo;accueil . De m\u00eame vous pouvez consulter le site de l&rsquo;association NORD NATURE ENVIRONNEMENT et vous inscrire \u00e0 sa newsletter.<\/p>\n<p><a href=\"http:\/\/www.nord-nature.org\/\"><span style=\"color: #0000ff;\">http:\/\/www.nord-nature.org\/<\/span><\/a><\/p>\n<p>En mars 2021\u00a0 le Comit\u00e9 de bassin Artois Picardie a donn\u00e9 un avis favorable au projet de <strong>sch\u00e9ma directeur de gestion de l&rsquo;eau 2022-2027<\/strong><\/p>\n<p>Vous pouvez voir l&rsquo;ensemble des infos sur le site de l&rsquo;Agence de l&rsquo;eau Artois -Picardie ou en copiant le lien ci-dessous .<\/p>\n<p><span style=\"color: #0000ff;\">https:\/\/www.eau-artois-picardie.fr\/le-comite-de-bassin-artois-picardie-donne-un-avis-favorable-au-projet-de-sdage-2022-2027<\/span><\/p>\n<p>&nbsp;<\/p>\n<p>&nbsp;<\/p>\n","protected":false},"excerpt":{"rendered":"<p>Vous trouverez dans cette rubrique\u00a0 les dates de nos prochaines r\u00e9unions ainsi que des articles concernant les \u00ab\u00a0actualit\u00e9s de l&rsquo;eau\u00a0\u00bb dans le Pas-de-Calais, en France et dans le monde. Nous vous invitons \u00e0 visiter les \u00ab\u00a0sites amis \u00ab\u00a0 r\u00e9f\u00e9renc\u00e9s en page d&rsquo;accueil . De m\u00eame vous pouvez consulter le site de l&rsquo;association NORD NATURE ENVIRONNEMENT &hellip; <\/p>\n<p class=\"link-more\"><a href=\"https:\/\/www.eausecours62.org\/site\/actualite-a-suivre\/\" class=\"more-link\">Continuer la lecture<span class=\"screen-reader-text\"> de &laquo;&nbsp;Actualit\u00e9s \u00e0 suivre&nbsp;&raquo;<\/span><\/a><\/p>\n","protected":false},"author":1,"featured_media":0,"parent":0,"menu_order":0,"comment_status":"closed","ping_status":"closed","template":"","meta":{"footnotes":""},"class_list":["post-356","page","type-page","status-publish","hentry"],"_links":{"self":[{"href":"https:\/\/www.eausecours62.org\/site\/wp-json\/wp\/v2\/pages\/356","targetHints":{"allow":["GET"]}}],"collection":[{"href":"https:\/\/www.eausecours62.org\/site\/wp-json\/wp\/v2\/pages"}],"about":[{"href":"https:\/\/www.eausecours62.org\/site\/wp-json\/wp\/v2\/types\/page"}],"author":[{"embeddable":true,"href":"https:\/\/www.eausecours62.org\/site\/wp-json\/wp\/v2\/users\/1"}],"replies":[{"embeddable":true,"href":"https:\/\/www.eausecours62.org\/site\/wp-json\/wp\/v2\/comments?post=356"}],"version-history":[{"count":12,"href":"https:\/\/www.eausecours62.org\/site\/wp-json\/wp\/v2\/pages\/356\/revisions"}],"predecessor-version":[{"id":2025,"href":"https:\/\/www.eausecours62.org\/site\/wp-json\/wp\/v2\/pages\/356\/revisions\/2025"}],"wp:attachment":[{"href":"https:\/\/www.eausecours62.org\/site\/wp-json\/wp\/v2\/media?parent=356"}],"curies":[{"name":"wp","href":"https:\/\/api.w.org\/{rel}","templated":true}]}}