{"id":17,"date":"2017-11-22T10:33:16","date_gmt":"2017-11-22T09:33:16","guid":{"rendered":"http:\/\/www.eausecours62.org\/site\/?page_id=17"},"modified":"2021-11-03T11:25:24","modified_gmt":"2021-11-03T10:25:24","slug":"liens-utiles","status":"publish","type":"page","link":"https:\/\/www.eausecours62.org\/site\/liens-utiles\/","title":{"rendered":"Liens utiles"},"content":{"rendered":"<ul>\n<li><a href=\"http:\/\/www.acme-eau.org\/\"><em>Le site de l&rsquo;AC<\/em><\/a><a href=\"http:\/\/www.acme-eau.org\/\"><em>ME (<span style=\"color: #0000ff;\"> <strong>Association pour le Contrat Mondial de l\u2019Eau<\/strong><\/span> ) anim\u00e9 par<\/em> <em>Jean-Luc TOULY<\/em><\/a><em>\u00a0<\/em>\u00a0\u00a0\u00a0\u00a0\u00a0<a href=\"http:\/\/www.acme-eau.org\"><strong> http:\/\/www.acme-eau.org<\/strong><\/a><\/li>\n<\/ul>\n<hr \/>\n<ul>\n<li><cite><span style=\"font-size: medium;\"><b><span style=\"color: #ff0000;\"><span style=\"color: #0000ff;\">Coordination eau Ile de France<\/span>\u00a0\u00a0<\/span>\u00a0 <\/b><\/span><\/cite><cite><\/cite><cite><b> <\/b><\/cite><a href=\"https:\/\/eau-iledefrance.fr\/\"><strong><cite>https:\/\/eau-iledefrance.fr\/<\/cite><\/strong><\/a><\/li>\n<\/ul>\n<p><a name=\"coordination@eau-iledefrance.fr_from\"><\/a>S&rsquo;abonner \u00e0 leur lettre mensuelle\u00a0: <strong><span style=\"color: #000080;\"><span lang=\"zxx\"><u><a href=\"mailto:coordination@eau-iledefrance.fr\">coordination@eau-iledefrance.fr\u00a0<\/a><\/u><\/span><\/span><\/strong><\/p>\n<hr \/>\n<ul>\n<li><strong><span style=\"color: #0000ff;\">Coalition eau<\/span> <\/strong>&#8230; http:\/\/www.coalition-eau.org\/<\/li>\n<\/ul>\n<p>Le mouvement des ONG fran\u00e7aises engag\u00e9es pour l\u2019acc\u00e8s \u00e0 l\u2019eau et \u00e0 l\u2019assainissement pour tous<\/p>\n<hr \/>\n<ul>\n<li><span style=\"font-size: medium;\"><i><b><span style=\"color: #0000ff;\">France Libert\u00e9s \u2013 Fondation Dani\u00e8le Mitterrand\u00a0\u00a0<\/span> \u00a0 \u00a0 \u00a0 \u00a0 \u00a0 \u00a0 \u00a0 \u00a0 \u00a0 <\/b><\/i><\/span><strong><cite><a href=\"https:\/\/www.france-libertes.org\/fr\/\">https:\/\/www.france-libertes.org\/fr\/<\/a>\u00a0\u00a0\u00a0\u00a0\u00a0\u00a0\u00a0\u00a0\u00a0\u00a0\u00a0\u00a0\u00a0\u00a0\u00a0\u00a0\u00a0\u00a0\u00a0\u00a0\u00a0\u00a0\u00a0\u00a0\u00a0\u00a0\u00a0\u00a0\u00a0\u00a0\u00a0\u00a0\u00a0\u00a0\u00a0\u00a0\u00a0\u00a0\u00a0\u00a0\u00a0\u00a0\u00a0\u00a0\u00a0\u00a0\u00a0\u00a0\u00a0\u00a0\u00a0\u00a0\u00a0\u00a0\u00a0\u00a0\u00a0\u00a0\u00a0\u00a0\u00a0\u00a0\u00a0\u00a0\u00a0\u00a0\u00a0\u00a0\u00a0\u00a0\u00a0\u00a0\u00a0\u00a0 <\/cite><\/strong>S&rsquo;abonner \u00e0 leur lettre mensuelle\u00a0:<\/li>\n<li><strong><span style=\"color: #000080;\"><span lang=\"zxx\"><u><a href=\"mailto:camille.dechambre@france-libertes.fr\">camille.dechambre@france-libertes.fr<\/a><\/u><\/span><\/span><\/strong><\/li>\n<\/ul>\n<hr \/>\n<ul>\n<li><span style=\"font-size: medium;\"><i>sites de<\/i><b><i><span style=\"color: #ff0000;\"><span style=\"color: #0000ff;\"> Marc Laim\u00e9<\/span> \u00a0<\/span>\u00a0<\/i><\/b> Journaliste et consultant sp\u00e9cialis\u00e9 dans les questions de l&rsquo;eau.\u00a0 <\/span><strong><cite><a href=\"http:\/\/www.eauxglacees.com\/\">www.eauxglacees.com\/<\/a>\u00a0\u00a0\u00a0\u00a0\u00a0<\/cite><\/strong><strong><cite>\u00a0\u00a0 <\/cite><\/strong><cite>et \u00a0 \u00a0<\/cite><strong><cite> \u00a0\u00a0\u00a0\u00a0\u00a0\u00a0\u00a0\u00a0\u00a0\u00a0 <\/cite><\/strong><a href=\"https:\/\/blog.mondediplo.net\/_Marc-Laime_\"><strong><cite>https:\/\/blog.mondediplo.net\/_Marc-Laime_<\/cite><\/strong><\/a><\/li>\n<\/ul>\n<hr \/>\n<ul>\n<li><span style=\"color: #0000ff;\"><strong><cite class=\"_Rm\">FRANCE EAU PUBLIQUE<br \/>\n<\/cite><\/strong><\/span><span class=\"st\"> <em>France Eau Publique<\/em> regroupe des collectivit\u00e9s et op\u00e9rateurs publics\u00a0 engag\u00e9s dans une d\u00e9marche de partage de connaissances et d&rsquo;exp\u00e9riences, de renforcement mutuel et de promotion de la gestion publique de l&rsquo;eau.\u00a0\u00a0\u00a0<\/span><\/li>\n<\/ul>\n<p><strong><span class=\"st\"><span class=\"st\">\u00a0<\/span><\/span><\/strong><a href=\"http:\/\/france-eaupublique.fr\/\" data-cthref=\"\/url?sa=t&amp;rct=j&amp;q=&amp;esrc=s&amp;source=web&amp;cd=1&amp;cad=rja&amp;uact=8&amp;ved=0ahUKEwib6PXvxpXYAhUB26QKHa9BA6kQFggnMAA&amp;url=http%3A%2F%2Ffrance-eaupublique.fr%2F&amp;usg=AOvVaw2YTv2dtB6A3mHKBZ4HTTZ7\"><strong>France eau publique<\/strong><\/a><\/p>\n<div class=\"s\">\n<div>\n<div class=\"f kv _SWb\">\n<p><a href=\"http:\/\/france-eaupublique.fr\/\"><strong><cite class=\"_Rm\">france-eaupublique.fr\/<\/cite><\/strong><\/a><\/p>\n<\/div>\n<\/div>\n<hr \/>\n<p><strong><span style=\"color: #0000ff;\">L&rsquo;eau qui mord\u00a0 <\/span><\/strong><\/p>\n<p><span style=\"color: #000000;\">Voil\u00e0 un autre site \u00e0 visiter pour celles et ceux qui s&rsquo;int\u00e9ressent \u00e0 ce qui se passe \u00e0 VITTEL, VOLVIC , contre Nestl\u00e9, contre Danone , contre Coca-Cola , multinationales capitalistes qui puisent l&rsquo;eau bien commun \u00e0 leur profit .<\/span><\/p>\n<p>https:\/\/www.leauquimord.com\/<\/p>\n<div>\n<div class=\"f kv _SWb\">\n<div class=\"action-menu ab_ctl\">\n<hr \/>\n<p>* <strong><span style=\"color: #0000ff;\">Deux petits livres \u00e0 prix modique: <\/span><\/strong>A commander aupr\u00e8s des libraires, ou de la Coordination eau Ile de France ou de France Libert\u00e9s (ci dessus).<\/p>\n<p><a href=\"http:\/\/www.eausecours62.org\/site\/deux-petits-livres\/\">Voir notre article \u00ab\u00a0Deux petits livres\u00a0\u00bb<\/a><\/p>\n<\/div>\n<div class=\"action-menu ab_ctl\">\n<p>&nbsp;<\/p>\n<p>&nbsp;<\/p>\n<\/div>\n<\/div>\n<\/div>\n<\/div>\n","protected":false},"excerpt":{"rendered":"<p>Le site de l&rsquo;ACME ( Association pour le Contrat Mondial de l\u2019Eau ) anim\u00e9 par Jean-Luc TOULY\u00a0\u00a0\u00a0\u00a0\u00a0\u00a0 http:\/\/www.acme-eau.org Coordination eau Ile de France\u00a0\u00a0\u00a0 https:\/\/eau-iledefrance.fr\/ S&rsquo;abonner \u00e0 leur lettre mensuelle\u00a0: coordination@eau-iledefrance.fr\u00a0 Coalition eau &#8230; http:\/\/www.coalition-eau.org\/ Le mouvement des ONG fran\u00e7aises engag\u00e9es pour l\u2019acc\u00e8s \u00e0 l\u2019eau et \u00e0 l\u2019assainissement pour tous France Libert\u00e9s \u2013 Fondation Dani\u00e8le Mitterrand\u00a0\u00a0 &hellip; <\/p>\n<p class=\"link-more\"><a href=\"https:\/\/www.eausecours62.org\/site\/liens-utiles\/\" class=\"more-link\">Continuer la lecture<span class=\"screen-reader-text\"> de &laquo;&nbsp;Liens utiles&nbsp;&raquo;<\/span><\/a><\/p>\n","protected":false},"author":1,"featured_media":42,"parent":0,"menu_order":0,"comment_status":"closed","ping_status":"closed","template":"","meta":{"footnotes":""},"class_list":["post-17","page","type-page","status-publish","has-post-thumbnail","hentry"],"_links":{"self":[{"href":"https:\/\/www.eausecours62.org\/site\/wp-json\/wp\/v2\/pages\/17","targetHints":{"allow":["GET"]}}],"collection":[{"href":"https:\/\/www.eausecours62.org\/site\/wp-json\/wp\/v2\/pages"}],"about":[{"href":"https:\/\/www.eausecours62.org\/site\/wp-json\/wp\/v2\/types\/page"}],"author":[{"embeddable":true,"href":"https:\/\/www.eausecours62.org\/site\/wp-json\/wp\/v2\/users\/1"}],"replies":[{"embeddable":true,"href":"https:\/\/www.eausecours62.org\/site\/wp-json\/wp\/v2\/comments?post=17"}],"version-history":[{"count":41,"href":"https:\/\/www.eausecours62.org\/site\/wp-json\/wp\/v2\/pages\/17\/revisions"}],"predecessor-version":[{"id":1710,"href":"https:\/\/www.eausecours62.org\/site\/wp-json\/wp\/v2\/pages\/17\/revisions\/1710"}],"wp:featuredmedia":[{"embeddable":true,"href":"https:\/\/www.eausecours62.org\/site\/wp-json\/wp\/v2\/media\/42"}],"wp:attachment":[{"href":"https:\/\/www.eausecours62.org\/site\/wp-json\/wp\/v2\/media?parent=17"}],"curies":[{"name":"wp","href":"https:\/\/api.w.org\/{rel}","templated":true}]}}