{"id":121,"date":"2017-11-22T16:17:10","date_gmt":"2017-11-22T15:17:10","guid":{"rendered":"http:\/\/www.eausecours62.org\/site\/?page_id=121"},"modified":"2018-01-10T19:42:44","modified_gmt":"2018-01-10T18:42:44","slug":"en-france-et-dans-le-monde","status":"publish","type":"page","link":"https:\/\/www.eausecours62.org\/site\/en-france-et-dans-le-monde\/","title":{"rendered":"En France et dans le monde"},"content":{"rendered":"<div class=\"crayon rubrique-descriptif-30 texte\">\n<p>Informations relatives \u00e0 des situations particuli\u00e8res \u00e0 un territoire autre que le 62 en France ou \u00e0 un autre pays dans le monde<\/p>\n<p>Vous pouvez aussi trouver de nombreuses informations sur le site de L\u2019ACME ( Association pour le contrat mondial de l\u2019eau ) ou sur celui de Marc Laim\u00e9 intitul\u00e9 \u00ab\u00a0eaux glac\u00e9es\u00a0\u00bb<\/p>\n<p><a href=\"http:\/\/www.eausecours62.org\/site\/liens-utiles\/\">liens utiles<\/a><\/p>\n<\/div>\n","protected":false},"excerpt":{"rendered":"<p>Informations relatives \u00e0 des situations particuli\u00e8res \u00e0 un territoire autre que le 62 en France ou \u00e0 un autre pays dans le monde Vous pouvez aussi trouver de nombreuses informations sur le site de L\u2019ACME ( Association pour le contrat mondial de l\u2019eau ) ou sur celui de Marc Laim\u00e9 intitul\u00e9 \u00ab\u00a0eaux glac\u00e9es\u00a0\u00bb liens utiles<\/p>\n","protected":false},"author":1,"featured_media":0,"parent":0,"menu_order":0,"comment_status":"closed","ping_status":"closed","template":"","meta":{"footnotes":""},"class_list":["post-121","page","type-page","status-publish","hentry"],"_links":{"self":[{"href":"https:\/\/www.eausecours62.org\/site\/wp-json\/wp\/v2\/pages\/121","targetHints":{"allow":["GET"]}}],"collection":[{"href":"https:\/\/www.eausecours62.org\/site\/wp-json\/wp\/v2\/pages"}],"about":[{"href":"https:\/\/www.eausecours62.org\/site\/wp-json\/wp\/v2\/types\/page"}],"author":[{"embeddable":true,"href":"https:\/\/www.eausecours62.org\/site\/wp-json\/wp\/v2\/users\/1"}],"replies":[{"embeddable":true,"href":"https:\/\/www.eausecours62.org\/site\/wp-json\/wp\/v2\/comments?post=121"}],"version-history":[{"count":4,"href":"https:\/\/www.eausecours62.org\/site\/wp-json\/wp\/v2\/pages\/121\/revisions"}],"predecessor-version":[{"id":1127,"href":"https:\/\/www.eausecours62.org\/site\/wp-json\/wp\/v2\/pages\/121\/revisions\/1127"}],"wp:attachment":[{"href":"https:\/\/www.eausecours62.org\/site\/wp-json\/wp\/v2\/media?parent=121"}],"curies":[{"name":"wp","href":"https:\/\/api.w.org\/{rel}","templated":true}]}}